{"id":4,"date":"2018-01-20T22:21:29","date_gmt":"2018-01-20T21:21:29","guid":{"rendered":"http:\/\/joergschippa.de\/wordpress\/?page_id=4"},"modified":"2023-11-27T21:05:56","modified_gmt":"2023-11-27T20:05:56","slug":"startseite","status":"publish","type":"page","link":"https:\/\/joergschippa.de\/wordpress\/","title":{"rendered":"Home"},"content":{"rendered":"<p>Willkommen auf meiner Website!<\/p>\n<p>Hier wieder einmal was Neues:<br \/>\n<strong><span style=\"color: #ff0000;\">Die Band &#8222;Schikane&#8220; mit Nikolaus Neuser, Denis Stilke und mir hat auf<\/span><\/strong><br \/>\n<strong><span style=\"color: #ff0000;\">JazzHausMusik ihre erste Cd ver\u00f6ffentlicht mit dem Titel:<\/span><\/strong><br \/>\n<strong><span style=\"color: #ff0000;\">&#8222;Der erste Biss darf nicht Salat sein&#8220;<\/span><\/strong><\/p>\n<p><img loading=\"lazy\" decoding=\"async\" class=\"alignnone size-medium wp-image-168999\" src=\"https:\/\/joergschippa.de\/wordpress\/wp-content\/uploads\/2023\/09\/Cover-Schik-1-300x269.jpg\" alt=\"\" width=\"300\" height=\"269\" srcset=\"https:\/\/joergschippa.de\/wordpress\/wp-content\/uploads\/2023\/09\/Cover-Schik-1-300x269.jpg 300w, https:\/\/joergschippa.de\/wordpress\/wp-content\/uploads\/2023\/09\/Cover-Schik-1.jpg 490w\" sizes=\"auto, (max-width: 300px) 100vw, 300px\" \/><br \/>\nHier mal klicken:<\/p>\n<div style=\"width: 300px;\" class=\"wp-video\"><video class=\"wp-video-shortcode\" id=\"video-4-1\" width=\"300\" height=\"500\" preload=\"metadata\" controls=\"controls\"><source type=\"video\/mp4\" src=\"https:\/\/joergschippa.de\/wordpress\/wp-content\/uploads\/2023\/09\/Schikane-RecRelease-1.mp4?_=1\" \/><a href=\"https:\/\/joergschippa.de\/wordpress\/wp-content\/uploads\/2023\/09\/Schikane-RecRelease-1.mp4\">https:\/\/joergschippa.de\/wordpress\/wp-content\/uploads\/2023\/09\/Schikane-RecRelease-1.mp4<\/a><\/video><\/div>\n<p><b>Hier ein paar Kritiken:<\/b><\/p>\n<p align=\"JUSTIFY\"><span style=\"font-family: Arial, sans-serif;\"><span style=\"font-size: large;\"><span style=\"color: #000000;\">Wieder ein spannendes neues Trio-Album aus Berlin. Nach dem TEKK-Trio zu Jahresbeginn (Schippa, Eberhard, Nonnenmacher) h\u00f6ren wir den Gitarrenzauberer J\u00f6rg Schippa diesmal zusammen mit Nikolaus Neuser (tp) und Denis Stilke (dr). Jeder der drei Akteure hat vier bis f\u00fcnf St\u00fccke eingebracht &#8211; eine quicklebendige, collagenhafte Mixtur aus Jazz-Elementen und Rock-Gesten, aus Punk und Blues und offenen Strecken. Die sparsame, quasi punktuelle Instrumentierung erlaubt dabei st\u00e4ndige Rollenwechsel, bizarre Kontrastierungen und eine freche Fragilit\u00e4t. Viele der Themen liegen im Grenzgebiet zwischen Signalmotiv und Bebop &#8211; aber Neusers sch\u00f6ner Trompetenton bietet durchaus auch etwas f\u00fcrs Herz. Griffig und kompakt improvisiert er, gleichg\u00fcltig, ob Stilke nun die Snare mit dem Besen r\u00fchrt oder eher Industrial-nahe Rhythmen z\u00fcndet. Schippas Gitarre endlich ist der Tausendsassa im Ensemble, liefert Heavy-Riffs oder Bass-Fundament oder auch ein paar akustische Kammerkl\u00e4nge (,,Pum4&#8243;). Eingerahmtwird das Programm von einem erstaunlichen Soundgem\u00e4lde namens ,,Nebelhorn&#8220;.<br \/>\n<\/span><\/span><\/span><span style=\"font-family: Arial, sans-serif;\"><span style=\"font-size: large;\"><b><span style=\"color: #000000;\">Hans-j\u00fcrgen Schaal\/ Jazzthetik 11\/12-2023<\/span><\/b><\/span><\/span><\/p>\n<p align=\"JUSTIFY\"><span style=\"font-family: Arial, sans-serif;\"><span style=\"font-size: large;\"><span style=\"color: #000000;\">&#8222;Der erste Biss darf nicht Salat sein&#8220; lautet der Titel der ersten Albums der Band &#8222;Schikane&#8220; mit Gitarrist J\u00f6rg Schippa, Trompeter Nikolaus Neuser und Drummer Denis Stilke. Ihr aufm\u00fcpfiger Patchwork-Jazz erinnert ein St\u00fcck weit an die sp\u00e4ten 1980er-, fr\u00fchen 1990er-Jahre, in denen stilistische Br\u00fcche, j\u00e4he Tempo- und Timbrewechsel und ein Hin- und Herspringen zwischen unterschiedlichen Bezugssystemen an der Tagesordnung waren. Dieses muntere Album macht nicht nur deshalb gro\u00dfen Spa\u00df, weil man selbigen ganz offensichtlich mit den fabulierfreudigen Musikern teilt, sonder weil man nie wei\u00df, was einen hinter der n\u00e4chsten Biege erwartet. <\/span><\/span><\/span><span style=\"font-family: Arial, sans-serif;\"><span style=\"font-size: large;\"><b><span style=\"color: #000000;\">Wolf Kampman\/Jazzthing 11\/23<\/span><\/b><\/span><\/span><\/p>\n<div dir=\"auto\"><span style=\"color: #ff0000;\"><strong>Die erste Cd meiner neuen Band &#8222;TEKK-Trio&#8220; <\/strong><\/span><span style=\"color: #ff0000;\"><strong>mit<br \/>\nSilke Eberhard und Horst Nonnenmacher ist\u00a0 im April\u00a0 auf<br \/>\nJazzHausMusik erschienen:<\/strong><\/span><\/div>\n<div dir=\"auto\"><\/div>\n<div dir=\"auto\"><span style=\"color: #ff0000;\"><strong>&#8222;MushMix&#8220;<\/strong><\/span><\/div>\n<div dir=\"auto\">\n<div dir=\"auto\">\n<p><img loading=\"lazy\" decoding=\"async\" class=\"alignnone size-medium wp-image-159370\" src=\"https:\/\/joergschippa.de\/wordpress\/wp-content\/uploads\/2023\/03\/Cover-aussena-300x272.jpg\" alt=\"\" width=\"300\" height=\"272\" srcset=\"https:\/\/joergschippa.de\/wordpress\/wp-content\/uploads\/2023\/03\/Cover-aussena-300x272.jpg 300w, https:\/\/joergschippa.de\/wordpress\/wp-content\/uploads\/2023\/03\/Cover-aussena-1024x928.jpg 1024w, https:\/\/joergschippa.de\/wordpress\/wp-content\/uploads\/2023\/03\/Cover-aussena-768x696.jpg 768w, https:\/\/joergschippa.de\/wordpress\/wp-content\/uploads\/2023\/03\/Cover-aussena-1536x1392.jpg 1536w, https:\/\/joergschippa.de\/wordpress\/wp-content\/uploads\/2023\/03\/Cover-aussena.jpg 1726w\" sizes=\"auto, (max-width: 300px) 100vw, 300px\" \/><\/p>\n<\/div>\n<\/div>\n<p>Hier kann man reinh\u00f6ren:<\/p>\n<div style=\"width: 300px;\" class=\"wp-video\"><video class=\"wp-video-shortcode\" id=\"video-4-2\" width=\"300\" height=\"500\" poster=\"https:\/\/joergschippa.de\/wordpress\/wp-content\/uploads\/2018\/12\/Tekk-1.jpg\" preload=\"metadata\" controls=\"controls\"><source type=\"video\/mp4\" src=\"https:\/\/joergschippa.de\/wordpress\/wp-content\/uploads\/2023\/03\/TEKK-Trio-JHM-302.mp4?_=2\" \/><a href=\"https:\/\/joergschippa.de\/wordpress\/wp-content\/uploads\/2023\/03\/TEKK-Trio-JHM-302.mp4\">https:\/\/joergschippa.de\/wordpress\/wp-content\/uploads\/2023\/03\/TEKK-Trio-JHM-302.mp4<\/a><\/video><\/div>\n<p align=\"left\"><span style=\"font-size: large;\"><b>Hier ein paar Kritiken:<br \/>\n<\/b><\/span><\/p>\n<p><span style=\"font-size: large;\"><b><span style=\"color: #000000;\">Im Jazzpodium 5\/23 unter den &#8222;TOP3&#8220;:<\/span><\/b><\/span><\/p>\n<p align=\"JUSTIFY\"><span style=\"font-family: Arial, sans-serif;\"><span style=\"font-size: large;\">Der Berliner Gitarrist J\u00f6rg Schippa geh\u00f6rt zu den umtriebigen Musikern des freien Jazz, die nie ganz die Aufmerksamkeit erhalten haben, die ihren kreativen Leistungen geb\u00fchrt. Seine &#8222;aufgekl\u00e4rte zeitgen\u00f6ssische lmprovisationsmusik&#8220; ist freigeistig, doch nie abstrakt, denn Schippas gro\u00dfe Liebe gilt ebenso Melodie und Groove. Davon legt auch sein neues Tekk-Trio mit dem E-Bassisten Horst Nonnenmacher &#8211; auch so ein Berliner Urgestein und heimlicher Eckpfeiler unz\u00e4hliger Bands &#8211; und der Saxophonistin Silke Eberhard Zeugnis ab. Die kompakte Formel E-Gitarre, E-Bass als Basis und dar\u00fcber ein zupackend expressives und wandlungsf\u00e4higes Saxophon geht sofort auf, Walzer, T\u00e4nzchen oder funkige Rhythmen &#8211; Schippas St\u00fccke sind griffige kleine Nummern mit viel rhythmischer Energie, werden in zupackendem Unisono dargeboten und gehen dann gerne mal ins Freie oder in den wilden Groove, Schippa trumpft auf mit gro\u00dfer Formenvielfalt und viel Ironie. Selbst Modern Jazz-Balladenankl\u00e4nge, die durch schwebende freie Mehrkl\u00e4nge am Saxophon aufgebrochen werden, finden sich darunter. Eine abwechslungsreiche, clevere Mischung von Miniaturen, Zwischen Nonnenmacher und Schippa passt klanglich wie rhythmisch kein Blatt, so dicht ist das Zusammenspiel, so transparent bleibt alles, da man auf einen Drummer hier verzichtet. Eberhards energisches, wendiges und stets sehr pr\u00e4sentes Alt bildet den Fokus des Geschehens und verleiht dem ironischen Trio eine ganze Portion Dringlichkeit, die der Band gut tut. <\/span><\/span><span style=\"font-size: large;\"><b>Michael Bossong<\/b><\/span><b><span style=\"font-size: large;\"> \/ Jazzpodium 5\/23<\/span><\/b><\/p>\n<p align=\"JUSTIFY\"><span style=\"color: #000000;\"><span style=\"font-family: Arial, sans-serif;\"><span style=\"font-size: large;\">Er ist ein Eklektizist an der Gitarre, gepr\u00e4gt von Jazz, Rock, Klassik, Blues und mehr. ln seinen verschiedenen Bands wie UnbedingT, Schikane, Rattle the Cage oder Kiosk kreuzt J\u00f6rg Schippa gerne die Einfl\u00fcsse, verbindet das Groovende mit dem Bizarren, koppelt Direktheit mit Polyphonie und Humor. Kaum anders ist das in seinem neuen, seit 2019 bestehenden TEKK-Trio, quasi einem Ableger des Hannes Zerbe Jazzorchesters. J\u00f6rg Schippa (e-g), Silke Eberhard (as) und Horst Nonnenmacher (e-b) bilden ein gleichberechtigtes ,,All-Berlin lmpro Trio&#8220;. Da gibt es rockende, bluesige, funky Figuren, \u00fcber die die Saxofonistin frei soliert. Da gibt es Stakkato-Miniaturen, bei denen sich alle drei lustvoll durcheinandermischen. Da gibt es auch kleine schr\u00e4ge Melodien und zerbrechlich sanfte Stellen, zerkl\u00fcftete Themen und atonale Kombinationen. Meist l\u00f6st sich eines der Instrumente zum Solo, w\u00e4hrend die anderen an Strukturen arbeiten. Oft wird mit (Volks-) Tanzmustern gespielt, die Titel verraten es: ,,Ein neckisch T\u00e4nzchen&#8220;, ,,Darf ich bitten?&#8220;, ,,Tanz mal ab&#8220;, ,,Walzer Nanu&#8220;. Einige der St\u00fccke sind kaum zwei,drei Minuten lang &#8211; es sind fr\u00f6hliche Capricen mit Hintersinn. <\/span><\/span><\/span><span style=\"font-size: large;\"><span style=\"color: #000000;\"><b>Hans-j\u00fcrgen Schaal\/ Jazzthetik 5\/6 2023<\/b><\/span><\/span><\/p>\n<p align=\"JUSTIFY\"><span style=\"color: #000000;\"><span style=\"font-family: Arial, sans-serif;\"><span style=\"font-size: large;\">&#8222;MushMix&#8220; ist ein intelligent strukturiertes, hoch kommunikatives improvisiertes Trio-Abenteuer . Der Sound des Albums orientiert sich an der Arbeit des Gitarristen, die oft auf rockigen, beschwingten Melodien und spezifischem musikalischem Humor basiert. Spontane Interaktionen spielen dabei eine zentrale Rolle und sorgen oft f\u00fcr &#8222;falsche F\u00e4hrten&#8220;, die die Band spontan in gegenseitige \u00dcberraschungsmomente umwandelt und dem H\u00f6rer einen kontinuierlichen Strom unerwarteten Vergn\u00fcgens beschert<\/span><\/span><\/span><span style=\"color: #000000;\"><span style=\"font-size: x-large;\">. <\/span><\/span><span style=\"color: #000000; font-size: large;\"><b>Dionizy Pi\u0105tkowski\/Era Jazzu &#8211; Polen<\/b><\/span><\/p>\n<p align=\"JUSTIFY\"><span style=\"font-family: Arial, sans-serif;\"><span style=\"font-size: large;\"><span style=\"color: #000000;\">J\u00f6rg Schippa ist schon im JHM-&#8222;Tanzpalast&#8220; umeinandergestolpert, als Gitarrenlurch mit UnbedingT. _MushMix_(JHM 302) zeigt ihn nun im TEKK-TRIO als weiterem seiner in Berlin gedrehten Dinger, mit Horst Nonnenmacher, ein wandelndes ABC kreativer Umtriebigkeit, u.a. im Hannes Zerbe Jazz Orchester. Von dem her sind sie beide auch mit Silke Eber\u00adhard vertraut, mit deren Potsa Lotsa-Sax sie hier abtanzen, n\u00e4ckisch, &#8218;fast and slow&#8216;. Nicht ohne &#8218;HauRuck&#8216; und strammes Riffing, Nonnenmacher mit den dickeren Fingern, zu exaltiertem Quiek und Qu\u00e4k auf schmalem kakophonem Grat. Die Gefahr, auszurutschen und abzust\u00fcrzen, wird durch eine engmaschige Choreographie und synchrone Staccato\u00adakrobatik gebannt, Dissonanzen haben den Stellenwert von Knutschflecken, Funkiness, Geschrappel und virtuose Triller schlie\u00dfen Feeling und Bluesiness in die Arme und machen mich ganz kirre.<\/span> <\/span><\/span><span style=\"color: #000000; font-size: large;\"><b>Rigobert Dittmann <\/b><\/span><b><span style=\"color: #000000; font-size: large;\">[BA 119 rbd] <\/span><\/b><\/p>\n<p><strong>\u00a0<\/strong><\/p>\n<p>&nbsp;<\/p>\n<p>&nbsp;<\/p>\n<p style=\"text-align: left;\"><strong>\u00a0<\/strong><\/p>\n<p>&nbsp;<\/p>\n<p>&nbsp;<\/p>\n<p>&nbsp;<\/p>\n<p>&nbsp;<\/p>\n<p>&nbsp;<\/p>\n","protected":false},"excerpt":{"rendered":"<p>Willkommen auf meiner Website! Hier wieder einmal was Neues: Die Band &#8222;Schikane&#8220; mit Nikolaus Neuser, Denis Stilke und mir hat auf JazzHausMusik ihre erste Cd ver\u00f6ffentlicht mit dem Titel: &#8222;Der erste Biss darf nicht Salat sein&#8220; Hier mal klicken: Hier ein paar Kritiken: Wieder ein spannendes neues Trio-Album aus Berlin. Nach dem TEKK-Trio zu Jahresbeginn &hellip; <\/p>\n<p class=\"link-more\"><a href=\"https:\/\/joergschippa.de\/wordpress\/\" class=\"more-link\"><span class=\"screen-reader-text\">\u201eHome\u201c <\/span>weiterlesen<\/a><\/p>\n","protected":false},"author":1,"featured_media":0,"parent":0,"menu_order":0,"comment_status":"closed","ping_status":"closed","template":"","meta":{"footnotes":""},"class_list":["post-4","page","type-page","status-publish","hentry"],"_links":{"self":[{"href":"https:\/\/joergschippa.de\/wordpress\/wp-json\/wp\/v2\/pages\/4","targetHints":{"allow":["GET"]}}],"collection":[{"href":"https:\/\/joergschippa.de\/wordpress\/wp-json\/wp\/v2\/pages"}],"about":[{"href":"https:\/\/joergschippa.de\/wordpress\/wp-json\/wp\/v2\/types\/page"}],"author":[{"embeddable":true,"href":"https:\/\/joergschippa.de\/wordpress\/wp-json\/wp\/v2\/users\/1"}],"replies":[{"embeddable":true,"href":"https:\/\/joergschippa.de\/wordpress\/wp-json\/wp\/v2\/comments?post=4"}],"version-history":[{"count":83,"href":"https:\/\/joergschippa.de\/wordpress\/wp-json\/wp\/v2\/pages\/4\/revisions"}],"predecessor-version":[{"id":169078,"href":"https:\/\/joergschippa.de\/wordpress\/wp-json\/wp\/v2\/pages\/4\/revisions\/169078"}],"wp:attachment":[{"href":"https:\/\/joergschippa.de\/wordpress\/wp-json\/wp\/v2\/media?parent=4"}],"curies":[{"name":"wp","href":"https:\/\/api.w.org\/{rel}","templated":true}]}}