{"id":5,"date":"2018-01-20T22:21:29","date_gmt":"2018-01-20T21:21:29","guid":{"rendered":"http:\/\/joergschippa.de\/wordpress\/?page_id=5"},"modified":"2018-04-28T16:51:32","modified_gmt":"2018-04-28T14:51:32","slug":"ueber-mich","status":"publish","type":"page","link":"https:\/\/joergschippa.de\/wordpress\/ueber-mich\/","title":{"rendered":"Bio"},"content":{"rendered":"<p style=\"text-align: right;\">[<a href=\"#en\">english version below]<\/a><\/p>\n<p style=\"text-align: left;\"><strong>J\u00f6rg Schippa<\/strong> ist Gitarrist, Komponist und letzlich Konzeptionalist. Sein haupts\u00e4chliches Interesse gilt der Entwicklung der eigenen musikalischen Sprache entweder im Alleingang oder als Teil eines Gruppenprozesses. Die zentralen Anregungen fand er am Beginn seiner Entwicklung im Jazz eines Miles Davis oder Jim Hall, die er wegen ihres lebenslangen Willens zur Weiterentwicklung ihrer Musik bis heute zu seinen Vorbildern z\u00e4hlt. Das Bed\u00fcrfnis, die Musik immer weiter zu \u00f6ffnen, f\u00fchrte schnell zu Jimi Hendrix, Ry Cooder, Prince, Tom Waits u.a. auf der einen Seite, zu Bartok, Stravinsky, Messiaen, Ligeti und neuerdings Schnittke auf der anderen Seite.<\/p>\n<p>Den ersten Gitarrenunterricht &#8211; Zielrichtung &#8222;klassische Gitarre&#8220; &#8211; erhielt er mit dem 12. Lebensjahr. Nach dem Wechsel des Gitarrenlehrers wurde ihm Blues und Improvisation nahegebracht. Verschiedene Lehrer, u.a. Walter Norris und Jaime Zenamon, sowie diverse masterclasses mit John Abercrombie, Dave Liebman, Richie Beirach gaben hinreichende Anregungen f\u00fcr weitere Studien.<\/p>\n<p>Erste Auftritte in Jazzkneipen spielte er mit 18. Er sammelte Erfahrung in Bigbands, Jazztrios, Jazzrockgruppen, machte Theatermusik. Er spielte u.a. mit Kenny Wheeler, Ernst Reisjeger, Marek Balata, Uwe Kropinski, Carlos Bica, Friedemann Graef, Hannes Zerbe und war auf verschiedenen Festivals wie Jazz Across the Border, Jazzfocus, Ost-West Festival N\u00fcrnberg, Gostenhofer Jazztage, Hessen-Jazzfestival, Eldenaer Jazzenevenings, Freiberger Jazztage etc. zu h\u00f6ren. Er arbeitete sich im Laufe der Jahre immer weiter in den Bereich des zeitgen\u00f6ssischen Jazz, der Avantgarde und E-Musik vor. Den heutigen Stand k\u00f6nnte man als aufgekl\u00e4rte zeitgen\u00f6ssische Musik bezeichnen, in der rein klangmalerische Komponente ebenso zu finden sind wie Grooves, Melodien und interessante harmonische Strukturen.<\/p>\n<p>Seine Arbeit hat Anerkennung gefunden etwa im hochdotierten Neuk\u00f6llner Kulturpreis 1988, oder im Gewinn des Studiopreises des Berliner Senats 1992 und 1993. Ein Stipendium des Berliner Senats erm\u00f6glichte im Jahr 2000 die Realisierung einer Komposition f\u00fcr Blechbl\u00e4serquintett und Improvisationstrio, aufgef\u00fchrt und vom SFB\/RBB mitgeschnitten beim Jazzfocus. Kompositionsauftr\u00e4ge der Klangwerkstatt Berlin f\u00fchrten 2004 zum Projekt &#8222;Rattle the Cage&#8220; (siehe &#8222;Diskografie&#8220;), 2007 zu einer Auff\u00fchrung einer zeitgen\u00f6ssische Variante der Kaffeekantate von J.S.Bach (siehe Projekte), f\u00fcr die O-T\u00f6ne Neuk\u00f6lln 2012 &#8222;Narciss und Echo&#8220; f\u00fcr 4 E-Gitarren, Piano und Bariton, 2013 &#8222;Geflecht&#8220; f\u00fcr drei Klarinetten.<\/p>\n<p>Seit 2008 ist sein haupts\u00e4chliches Bet\u00e4tigungsfeld seine Band &#8222;UnbedingT&#8220; (siehe Diskographie), mit der er 2014 die zweite CD ver\u00f6ffentlicht hat. Seit 2011 ist er Mitglied im Hannes Zerbe Jazzorchester.<\/p>\n<p><a name=\"en\"><\/a><\/p>\n<p><strong>J\u00f6rg Schippa<\/strong> is a guitarist, composer and not at least a conceptualist. His primary interest is the development of his own musical language as a soloist and within the band process. At the beginning of his musical development and right up to the present, his main influences are to be found in the jazz music of Miles Davis or Jim Hall, who because of their life long devotion were able to further develop their music. While Joerg Schippa&#8217;s desire to continually explore new musical horizons quickly led him to Jimi Hendrix, Ry Cooder, Prince or Tom Waits, it also led him to Bartok, Stravinsky, Messiaen, Ligeti and more recently Schnittke.<\/p>\n<p>At the age of twelve his first guitar lessons were in classical music, but after changing guitar teachers he was introduced to blues and improvisation. Various teachers including Walter Norris and Jaime Zenamon as well as various master classes with among others, John Abercrombie, Dave Liebman and Richie Beirach gave him plenty of information and the encouragement needed to further pursue his musical study and development.<\/p>\n<p>At 18 he was already playing his first jazz gigs in clubs. He gathered experience in big bands, jazz trios, jazz-rock bands and in theater music. He has worked with Kenny Wheeler, Ernst Reisjeger, Marek Balata, Uwe Kropinski, Carlos Bica, Friedemann Graef and he has performed at various festivals such as Jazz Across the Border, Jazzfocus, Ost-West Festival N\u00fcrnberg, Gostenhofer Jazztage, Hessen-Jazzfestival etc. Over the years he has focused increasingly on contemporary jazz, avantgarde and contemporary classical music. At the present time Joerg Schippa&#8217;s music could be described as &#8222;enlightened&#8220; contemporary music, where timbre and sound elements may be found along side groove oriented, melodic and captivating harmonic structural elements.<\/p>\n<p>His work has earned him a lot of recognition, for example the lucrative Neukoellner Culture Prize 1988 and the Studio Prize in 1992 and 1993 which is sponsored by the Berlin Cultural Senate. A grant from the Berlin Senate in 2000 made it possible for the realization of a composition for brass quintet and improvisational trio. It was recorded in a premiere performance by SFB\/RBB broadcasting corporation for the program Jazzfocus. A commission from the Klangwerkstatt Berlin led to the project and recording &#8222;Rattle the Cage&#8220; (see discography) and a further commission in 2007 gave rise the composition and performance of a contemporary adaptation J.S. Bach&#8217;s Coffee Cantata<\/p>\n","protected":false},"excerpt":{"rendered":"<p>[english version below] J\u00f6rg Schippa ist Gitarrist, Komponist und letzlich Konzeptionalist. Sein haupts\u00e4chliches Interesse gilt der Entwicklung der eigenen musikalischen Sprache entweder im Alleingang oder als Teil eines Gruppenprozesses. Die zentralen Anregungen fand er am Beginn seiner Entwicklung im Jazz eines Miles Davis oder Jim Hall, die er wegen ihres lebenslangen Willens zur Weiterentwicklung ihrer &hellip; <\/p>\n<p class=\"link-more\"><a href=\"https:\/\/joergschippa.de\/wordpress\/ueber-mich\/\" class=\"more-link\"><span class=\"screen-reader-text\">\u201eBio\u201c <\/span>weiterlesen<\/a><\/p>\n","protected":false},"author":1,"featured_media":0,"parent":0,"menu_order":0,"comment_status":"closed","ping_status":"closed","template":"","meta":{"footnotes":""},"class_list":["post-5","page","type-page","status-publish","hentry"],"_links":{"self":[{"href":"https:\/\/joergschippa.de\/wordpress\/wp-json\/wp\/v2\/pages\/5","targetHints":{"allow":["GET"]}}],"collection":[{"href":"https:\/\/joergschippa.de\/wordpress\/wp-json\/wp\/v2\/pages"}],"about":[{"href":"https:\/\/joergschippa.de\/wordpress\/wp-json\/wp\/v2\/types\/page"}],"author":[{"embeddable":true,"href":"https:\/\/joergschippa.de\/wordpress\/wp-json\/wp\/v2\/users\/1"}],"replies":[{"embeddable":true,"href":"https:\/\/joergschippa.de\/wordpress\/wp-json\/wp\/v2\/comments?post=5"}],"version-history":[{"count":16,"href":"https:\/\/joergschippa.de\/wordpress\/wp-json\/wp\/v2\/pages\/5\/revisions"}],"predecessor-version":[{"id":244,"href":"https:\/\/joergschippa.de\/wordpress\/wp-json\/wp\/v2\/pages\/5\/revisions\/244"}],"wp:attachment":[{"href":"https:\/\/joergschippa.de\/wordpress\/wp-json\/wp\/v2\/media?parent=5"}],"curies":[{"name":"wp","href":"https:\/\/api.w.org\/{rel}","templated":true}]}}